{"id":49,"date":"2026-03-16T15:00:51","date_gmt":"2026-03-16T15:00:51","guid":{"rendered":"https:\/\/orvatek.pro\/?page_id=49"},"modified":"2026-03-16T15:00:58","modified_gmt":"2026-03-16T15:00:58","slug":"impressum","status":"publish","type":"page","link":"https:\/\/orvatek.pro\/?page_id=49","title":{"rendered":"Impressum"},"content":{"rendered":"\n<p>Verantwortlich f\u00fcr den Inhalt dieser Webseite ist Brian Jeremy Ismann. In Deutschland ist das Impressum eine gesetzliche Pflicht die wir bei orvatek sehr ernst nehmen. Transparenz gegen\u00fcber unseren Mitgliedern und Besuchern beginnt mit der Offenlegung unserer Identit\u00e4t. Sie finden uns in der wundersch\u00f6nen Stadt Abensberg wo wir unsere Leidenschaft f\u00fcr historische Fahrzeuge pflegen. Unsere physische Pr\u00e4senz am Wiesenweg 10 unterstreicht dass wir ein real existierendes Unternehmen und kein anonymes Internetprojekt sind.<\/p>\n\n\n\n<p>Angaben gem\u00e4\u00df Paragraph 5 TMG:<\/p>\n\n\n\n<p> \u25a0 Inhaber: Brian Jeremy Ismann <\/p>\n\n\n\n<p>\u25a0 Adresse: Wiesenweg 10, 93326 Abensberg <\/p>\n\n\n\n<p>\u25a0 Kontakt: help@orvatek.pro <\/p>\n\n\n\n<p>\u25a0 Umsatzsteuer Identifikationsnummer gem\u00e4\u00df Paragraph 27 a Umsatzsteuergesetz: DE402754866<\/p>\n\n\n\n<p>Plattform der EU Kommission zur Online Streitbeilegung ist ein wichtiger Bestandteil f\u00fcr den digitalen Handel. Wir sind nicht bereit oder verpflichtet an Streitbeilegungsverfahren vor einer Verbraucherschlichtungsstelle teilzunehmen. Dennoch ist uns die Zufriedenheit unserer Kunden bei orvatek extrem wichtig. Sollten Sie Fragen zu unseren Dienstleistungen oder dem Clubleben in Abensberg haben kontaktieren Sie uns bitte direkt \u00fcber die angegebene E Mail Adresse. Wir finden f\u00fcr jedes Problem eine sachliche L\u00f6sung.<\/p>\n\n\n\n<p>Urheberrechtlich gesch\u00fctzte Inhalte auf dieser Seite wie Texte und Bilder unterliegen dem deutschen Urheberrecht. Die Vervielf\u00e4ltigung oder Bearbeitung au\u00dferhalb der Grenzen des Urheberrechtes bed\u00fcrfen der schriftlichen Zustimmung von Brian Jeremy Ismann. Wir achten die Rechte Dritter und kennzeichnen fremde Inhalte als solche. Sollten Sie trotzdem auf eine Urheberrechtsverletzung aufmerksam werden bitten wir um einen entsprechenden Hinweis damit wir derartige Inhalte umgehend entfernen k\u00f6nnen.<\/p>\n","protected":false},"excerpt":{"rendered":"<p>Verantwortlich f\u00fcr den Inhalt dieser Webseite ist Brian Jeremy Ismann. In Deutschland ist das Impressum eine gesetzliche Pflicht die wir bei orvatek sehr ernst nehmen. Transparenz gegen\u00fcber unseren Mitgliedern und Besuchern beginnt mit der Offenlegung unserer Identit\u00e4t. Sie finden uns&#8230; <a class=\"more-link\" href=\"https:\/\/orvatek.pro\/?page_id=49\">Weiterlesen &rarr;<\/a><\/p>\n","protected":false},"author":1,"featured_media":0,"parent":0,"menu_order":6,"comment_status":"closed","ping_status":"closed","template":"","meta":{"footnotes":""},"class_list":["post-49","page","type-page","status-publish","hentry"],"_links":{"self":[{"href":"https:\/\/orvatek.pro\/index.php?rest_route=\/wp\/v2\/pages\/49","targetHints":{"allow":["GET"]}}],"collection":[{"href":"https:\/\/orvatek.pro\/index.php?rest_route=\/wp\/v2\/pages"}],"about":[{"href":"https:\/\/orvatek.pro\/index.php?rest_route=\/wp\/v2\/types\/page"}],"author":[{"embeddable":true,"href":"https:\/\/orvatek.pro\/index.php?rest_route=\/wp\/v2\/users\/1"}],"replies":[{"embeddable":true,"href":"https:\/\/orvatek.pro\/index.php?rest_route=%2Fwp%2Fv2%2Fcomments&post=49"}],"version-history":[{"count":1,"href":"https:\/\/orvatek.pro\/index.php?rest_route=\/wp\/v2\/pages\/49\/revisions"}],"predecessor-version":[{"id":50,"href":"https:\/\/orvatek.pro\/index.php?rest_route=\/wp\/v2\/pages\/49\/revisions\/50"}],"wp:attachment":[{"href":"https:\/\/orvatek.pro\/index.php?rest_route=%2Fwp%2Fv2%2Fmedia&parent=49"}],"curies":[{"name":"wp","href":"https:\/\/api.w.org\/{rel}","templated":true}]}}