{"id":51,"date":"2026-03-16T15:01:12","date_gmt":"2026-03-16T15:01:12","guid":{"rendered":"https:\/\/orvatek.pro\/?page_id=51"},"modified":"2026-03-16T15:01:16","modified_gmt":"2026-03-16T15:01:16","slug":"datenschutzerklaerung","status":"publish","type":"page","link":"https:\/\/orvatek.pro\/?page_id=51","title":{"rendered":"Datenschutzerkl\u00e4rung"},"content":{"rendered":"\n<p>Schutz Ihrer pers\u00f6nlichen Daten hat bei orvatek h\u00f6chste Priorit\u00e4t. Wir halten uns strikt an die Regeln der Datenschutzgrundverordnung kurz DSGVO genannt. Wenn Sie unsere Webseite besuchen werden verschiedene personenbezogene Daten erhoben. Dies sind Daten mit denen Sie pers\u00f6nlich identifiziert werden k\u00f6nnen. Brian Jeremy Ismann als Verantwortlicher f\u00fcr die Datenverarbeitung am Wiesenweg 10 in Abensberg garantiert einen verantwortungsbewussten Umgang mit Ihren Informationen.<\/p>\n\n\n\n<p>Daten\u00fcbertragung im Internet kann Sicherheitsl\u00fccken aufweisen. Ein l\u00fcckenloser Schutz der Daten vor dem Zugriff durch Dritte ist technisch kaum m\u00f6glich. Wir nutzen jedoch SSL Verschl\u00fcsselungen um die Kommunikation zwischen Ihrem Browser und unserem Server bei orvatek zu sichern. Dies erkennen Sie an der Adresszeile die von http auf https wechselt. Ihre Anfragen \u00fcber help@orvatek.pro werden vertraulich behandelt und nur zum Zweck der Bearbeitung Ihres Anliegens gespeichert.<\/p>\n\n\n\n<p>\u25a0 Erhebung von Zugriffsdaten und Logfiles<\/p>\n\n\n\n<p>\u25a0 Kontaktformular und E Mail Korrespondenz <\/p>\n\n\n\n<p>\u25a0 Verwendung von Analyse Tools zur Verbesserung des Nutzererlebnisses <\/p>\n\n\n\n<p>\u25a0 Rechte auf Auskunft L\u00f6schung und Sperrung Ihrer Daten<\/p>\n\n\n\n<p>Sie haben jederzeit das Recht unentgeltlich Auskunft \u00fcber Herkunft Empf\u00e4nger und Zweck Ihrer gespeicherten personenbezogenen Daten zu erhalten. Zudem steht Ihnen ein Recht auf Berichtigung oder L\u00f6schung dieser Daten zu. Bei Fragen zum Datenschutz in unserem Club in Abensberg k\u00f6nnen Sie sich jederzeit an die im Impressum angegebene Adresse wenden. Wir speichern Daten nur so lange wie es f\u00fcr die Erbringung unserer Leistungen oder aufgrund gesetzlicher Aufbewahrungsfristen erforderlich ist.<\/p>\n\n\n\n<p>Weitergabe von Daten an Dritte erfolgt bei orvatek nur wenn dies zur Vertragserf\u00fcllung notwendig ist. Wir verkaufen keine Adresslisten und nutzen Ihre Informationen nicht f\u00fcr unerw\u00fcnschte Werbung. Die Vertrauensbasis zwischen Brian Jeremy Ismann und den Automobilenthusiasten ist das Fundament unserer Arbeit. Wir setzen moderne Sicherheitssoftware ein um unsere Datenbanken vor unbefugten Zugriffen zu sch\u00fctzen und die Integrit\u00e4t Ihrer Daten zu bewahren.<\/p>\n","protected":false},"excerpt":{"rendered":"<p>Schutz Ihrer pers\u00f6nlichen Daten hat bei orvatek h\u00f6chste Priorit\u00e4t. Wir halten uns strikt an die Regeln der Datenschutzgrundverordnung kurz DSGVO genannt. Wenn Sie unsere Webseite besuchen werden verschiedene personenbezogene Daten erhoben. Dies sind Daten mit denen Sie pers\u00f6nlich identifiziert werden&#8230; <a class=\"more-link\" href=\"https:\/\/orvatek.pro\/?page_id=51\">Weiterlesen &rarr;<\/a><\/p>\n","protected":false},"author":1,"featured_media":0,"parent":0,"menu_order":7,"comment_status":"closed","ping_status":"closed","template":"","meta":{"footnotes":""},"class_list":["post-51","page","type-page","status-publish","hentry"],"_links":{"self":[{"href":"https:\/\/orvatek.pro\/index.php?rest_route=\/wp\/v2\/pages\/51","targetHints":{"allow":["GET"]}}],"collection":[{"href":"https:\/\/orvatek.pro\/index.php?rest_route=\/wp\/v2\/pages"}],"about":[{"href":"https:\/\/orvatek.pro\/index.php?rest_route=\/wp\/v2\/types\/page"}],"author":[{"embeddable":true,"href":"https:\/\/orvatek.pro\/index.php?rest_route=\/wp\/v2\/users\/1"}],"replies":[{"embeddable":true,"href":"https:\/\/orvatek.pro\/index.php?rest_route=%2Fwp%2Fv2%2Fcomments&post=51"}],"version-history":[{"count":1,"href":"https:\/\/orvatek.pro\/index.php?rest_route=\/wp\/v2\/pages\/51\/revisions"}],"predecessor-version":[{"id":52,"href":"https:\/\/orvatek.pro\/index.php?rest_route=\/wp\/v2\/pages\/51\/revisions\/52"}],"wp:attachment":[{"href":"https:\/\/orvatek.pro\/index.php?rest_route=%2Fwp%2Fv2%2Fmedia&parent=51"}],"curies":[{"name":"wp","href":"https:\/\/api.w.org\/{rel}","templated":true}]}}